{"id":4425,"date":"2025-04-17T17:25:24","date_gmt":"2025-04-17T08:25:24","guid":{"rendered":"https:\/\/yakitori-omoriya.com\/araiyakushi-mae-izakaya%ef%bd%9cyakitori-omoriya-araiyakushi-mae-poulet-grille-au-charbon-de-bois-et-nouilles-soba\/"},"modified":"2025-04-24T14:28:29","modified_gmt":"2025-04-24T05:28:29","slug":"araiyakushi-mae-izakaya%ef%bd%9cyakitori-omoriya-araiyakushi-mae-poulet-grille-au-charbon-de-bois-et-nouilles-soba","status":"publish","type":"page","link":"https:\/\/yakitori-omoriya.com\/fr\/araiyakushi-mae-izakaya%ef%bd%9cyakitori-omoriya-araiyakushi-mae-poulet-grille-au-charbon-de-bois-et-nouilles-soba\/","title":{"rendered":"Araiyakushi-mae Izakaya\uff5cYakitori Omoriya Araiyakushi-mae [poulet grill\u00e9 au charbon de bois et nouilles soba]."},"content":{"rendered":"\n<section>\n  <h2>Un refuge pour adultes en face de la gare. L&rsquo;ar\u00f4me du feu de charbon de bois et des nouilles soba vous invite \u00e0 entrer.<\/h2>\n  <p>\n  \u00c0 une minute de marche de la gare d&rsquo;Araiyakushi-mae. \n Apr\u00e8s avoir travers\u00e9 l&rsquo;agitation de la rue commer\u00e7ante, vous pouvez sentir l&rsquo;odeur du charbon de bois qui flotte dans l&rsquo;air. \n Une fois le rideau franchi, vous vous retrouverez dans un microcosme de la gastronomie, o\u00f9 se tisse la fameuse combinaison de \u00ab\u00a0yakitori\u00a0\u00bb et de \u00ab\u00a0nouilles\u00a0\u00bb. <><> \n\n <strong>Yakitori Omoriya Araiyakushi-mae Branch<\/strong> est un \u00ab\u00a0izakaya \u00e0 deux visages\u00a0\u00bb o\u00f9 vous pouvez d\u00e9guster d&rsquo;authentiques yakitori grill\u00e9s lentement sur du charbon de bois bincho et de savoureuses nouilles soba. \n En journ\u00e9e, des menus fixes vous permettent de souffler un peu. Le soir, vous pourrez d\u00e9guster du sak\u00e9 et des brochettes tout en discutant. \n Un izakaya bien connu pr\u00e8s de la gare, appr\u00e9ci\u00e9 de tous, des clients avec enfants aux habitu\u00e9s.\n  <\/p>\n<\/section>\n\n<section>\n  <h2>Des sp\u00e9cialit\u00e9s qui font appel \u00e0 tous les sens.<\/h2>\n  <div>\n  <>\n    <p>\n      Le <strong>yakitori-jyu<\/strong> est l&rsquo;assiette en fer du d\u00e9jeuner. \n Le yakitori est recouvert de l&rsquo;ar\u00f4me du charbon de bois et g\u00e9n\u00e9reusement napp\u00e9 d&rsquo;une sauce sucr\u00e9e secr\u00e8te. \n L&rsquo;association avec du riz va de soi. C&rsquo;est le plat le plus populaire du <a href=\"https:\/\/yakitori-omoriya.com\/fr\/menu-du-dejeuner\/\" target=\"_blank\">menu de midi<\/a>.\n    <\/p>\n\n  <>\n    <p>\n      <strong>Le poulet grill\u00e9 au charbon de bois est<\/strong> soigneusement embroch\u00e9 un par un. \n Les rayons infrarouges du charbon de bois binchotan rendent l&rsquo;int\u00e9rieur du poulet moelleux. L&rsquo;ext\u00e9rieur est croustillant et parfum\u00e9. \n Il est conseill\u00e9 de commander du sel et de la sauce.\n    <\/p>\n\n  <>\n    <p>\n  Sans oublier la <strong>zarusoba<\/strong>. \n Un r\u00f4le de soutien silencieux, qui accompagne doucement la fin du gril. \n     \u00c9galement tr\u00e8s appr\u00e9ci\u00e9e sur le menu du repas.\n    <\/p>\n\n  <>\n    <p>\n      L&rsquo;<strong>oyakodon<\/strong> a un go\u00fbt nostalgique et doux. \n Le d\u00e9lice du poulet, l&rsquo;\u00e9paississement de l&rsquo;\u0153uf et la chaleur du riz forment une trinit\u00e9. \n Il s&rsquo;agit d&rsquo;un \u00ab\u00a0chef-d&rsquo;\u0153uvre d&rsquo;enseigne\u00a0\u00bb appr\u00e9ci\u00e9 des familles.\n    <\/p>\n  <\/div>\n<\/section>\n\n<section>\n  <h2>Foire aux questions (FAQ)<\/h2>\n  <div style=\"margin-bottom: 1.5em;\">\n    <div style=\"background:#f8f8f8; border-radius:12px; padding:1em; margin-bottom:1em;\">\n      <strong>Q. Quelle est la fourchette de prix pour le poulet grill\u00e9 ?<\/strong> <> \n A. A partir de 150 yens par pi\u00e8ce. Les ensembles assortis sont recommand\u00e9s pour les personnes qui viennent pour la premi\u00e8re fois.\n    <\/div>\n\n    <div style=\"background:#f8f8f8; border-radius:12px; padding:1em; margin-bottom:1em;\">\n      <strong>Q. Puis-je utiliser le restaurant avec des enfants ?<\/strong> <> \n R. Oui, les poussettes sont les bienvenues et des places assises sont disponibles pour les familles.\n    <\/div>\n\n    <div style=\"background:#f8f8f8; border-radius:12px; padding:1em;\">\n      <strong>Q. Est-il possible de prendre des plats \u00e0 emporter ?<\/strong> <> \n R. Des yakitori, des paniers-repas et divers plats \u00e0 la carte sont disponibles \u00e0 emporter. Les r\u00e9servations peuvent \u00eatre faites facilement par t\u00e9l\u00e9phone.\n    <\/div>\n  <\/div>\n<\/section>\n\n<section style=\"text-align:center; margin-top:2em;\">\n  <h2>Acc\u00e8s et r\u00e9servations<\/h2>\n  <p>\n  \ud83d\udccd Yakitori Omoriya Araiyakushi-mae branch (3-40-3 Kamitakada, Nakano-ku, Tokyo)<> \n \ud83d\ude89 1 minute \u00e0 pied de la station Araiyakushi-mae\uff5cOuvert : 11:00-23:00\uff5cOuvert toute l&rsquo;ann\u00e9e<><> \n \u2705 LINE RESERVATIONS HERE<>\n \u2705 View on Google Map \ud83d\udc49 <a href=\"https:\/\/www.google.com\/maps\/place\/%E3%82%84%E3%81%8D%E3%81%A8%E3%82%8A%E5%A4%A7%E6%A3%AE%E5%B1%8B+%E6%96%B0%E4%BA%95%E8%96%AC%E5%B8%AB%E5%89%8D%E5%BA%97\" target=\"_blank\" style=\"color:crimson;\" rel=\"noopener\">View access<><\/a>\n \u2705 R\u00e9servations par t\u00e9l\u00e9phone : <a href=\"tel:0364540980\" style=\"color:crimson;\">03-6454-0980<\/a>\n  <\/p>\n<\/section>\n\n<script type=\"application\/ld+json\">\n{\n  \"@context\": \"https:\/\/schema.org\",\n  \"@type\": \"Article\",\n  \"headline\": \"\u65b0\u4e95\u85ac\u5e2b\u524d \u5c45\u9152\u5c4b\uff5c\u65b0\u4e95\u85ac\u5e2b\u524d\u3000\u5c45\u9152\u5c4b\uff5c\u713c\u304d\u9ce5\u3068\u6cb9\u305d\u3070\u3000\u5927\u68ee\u5c4b\u3000\u65b0\u4e95\u85ac\u5e2b\u524d\u5e97\u3010\u70ad\u706b\u713c\u9ce5\u3068\u854e\u9ea6\u3011\",\n  \"description\": \"\u65b0\u4e95\u85ac\u5e2b\u524d\u99c5\u5f92\u6b691\u5206\u3002\u5099\u9577\u70ad\u3067\u713c\u304d\u4e0a\u3052\u308b\u713c\u304d\u9ce5\u3068\u624b\u6253\u3061\u854e\u9ea6\u304c\u697d\u3057\u3081\u308b\u300e\u65b0\u4e95\u85ac\u5e2b\u524d\u3000\u5c45\u9152\u5c4b\uff5c\u713c\u304d\u9ce5\u3068\u6cb9\u305d\u3070\u3000\u5927\u68ee\u5c4b\u3000\u65b0\u4e95\u85ac\u5e2b\u524d\u5e97\u300f\u3002\u30e9\u30f3\u30c1\u30fb\u5b9a\u98df\u30fb\u30c6\u30a4\u30af\u30a2\u30a6\u30c8\u3082\u5bfe\u5fdc\u306e\u99c5\u30c1\u30ab\u5c45\u9152\u5c4b\u3002\",\n  \"image\": [\n    \"https:\/\/yakitori-omoriya.com\/wp-content\/uploads\/2025\/03\/IMG_0290.jpg\",\n    \"https:\/\/yakitori-omoriya.com\/wp-content\/uploads\/2025\/03\/640x640_rect_12649284.jpg\"\n  ],\n  \"author\": {\n    \"@type\": \"Organization\",\n    \"name\": \"\u65b0\u4e95\u85ac\u5e2b\u524d\u3000\u5c45\u9152\u5c4b\uff5c\u713c\u304d\u9ce5\u3068\u6cb9\u305d\u3070\u3000\u5927\u68ee\u5c4b\u3000\u65b0\u4e95\u85ac\u5e2b\u524d\u5e97\"\n  },\n  \"publisher\": {\n    \"@type\": \"Organization\",\n    \"name\": \"\u65b0\u4e95\u85ac\u5e2b\u524d\u3000\u5c45\u9152\u5c4b\uff5c\u713c\u304d\u9ce5\u3068\u6cb9\u305d\u3070\u3000\u5927\u68ee\u5c4b\u3000\u65b0\u4e95\u85ac\u5e2b\u524d\u5e97\",\n    \"logo\": {\n      \"@type\": \"ImageObject\",\n      \"url\": \"https:\/\/yakitori-omoriya.com\/wp-content\/uploads\/2024\/11\/d425372e44777256a167eeb3cdba3bf1-3.jpeg\"\n    }\n  },\n  \"mainEntityOfPage\": \"https:\/\/yakitori-omoriya.com\/araiyakushi-izakaya\/\"\n}\n<\/script>\n\n\n<script type=\"application\/ld+json\">\n{\n  \"@context\": \"https:\/\/schema.org\",\n  \"@type\": \"Offer\",\n  \"url\": \"https:\/\/yakitori-omoriya.com\/araiyakushi-izakaya\/\",\n  \"priceCurrency\": \"JPY\",\n  \"price\": \"900\",\n  \"itemOffered\": {\n    \"@type\": \"MenuItem\",\n    \"name\": \"\u713c\u304d\u9ce5\u91cd\u30e9\u30f3\u30c1\u30bb\u30c3\u30c8\",\n    \"description\": \"\u5099\u9577\u70ad\u713c\u304d\u9ce5\u3068\u3075\u3063\u304f\u3089\u3054\u98ef\u3001\u5473\u564c\u6c41\u3001\u5c0f\u9262\u304c\u3064\u3044\u305f\u5b9a\u756a\u30e9\u30f3\u30c1\u30bb\u30c3\u30c8\u3002\",\n    \"image\": \"https:\/\/yakitori-omoriya.com\/wp-content\/uploads\/2025\/03\/IMG_0290.jpg\"\n  },\n  \"availability\": \"https:\/\/schema.org\/InStock\",\n  \"validFrom\": \"2025-04-01\"\n}\n<\/script>\n\n\n<script type=\"application\/ld+json\">\n{\n  \"@context\": \"https:\/\/schema.org\",\n  \"@type\": \"FAQPage\",\n  \"mainEntity\": [\n    {\n      \"@type\": \"Question\",\n      \"name\": \"\u713c\u304d\u9ce5\u306e\u4fa1\u683c\u5e2f\u306f\uff1f\",\n      \"acceptedAnswer\": {\n        \"@type\": \"Answer\",\n        \"text\": \"1\u672c150\u5186\u301c\u3002\u76db\u308a\u5408\u308f\u305b\u30bb\u30c3\u30c8\u306f\u521d\u3081\u3066\u306e\u65b9\u306b\u3082\u304a\u3059\u3059\u3081\u3067\u3059\u3002\"\n      }\n    },\n    {\n      \"@type\": \"Question\",\n      \"name\": \"\u5b50\u9023\u308c\u3067\u3082\u5229\u7528\u3067\u304d\u307e\u3059\u304b\uff1f\",\n      \"acceptedAnswer\": {\n        \"@type\": \"Answer\",\n        \"text\": \"\u306f\u3044\u3001\u30d9\u30d3\u30fc\u30ab\u30fc\u5165\u5e97OK\u3002\u5ea7\u6577\u5e2d\u3082\u3054\u3056\u3044\u307e\u3059\u306e\u3067\u3054\u5bb6\u65cf\u3067\u306e\u3054\u5229\u7528\u3082\u5b89\u5fc3\u3067\u3059\u3002\"\n      }\n    },\n    {\n      \"@type\": \"Question\",\n      \"name\": \"\u30c6\u30a4\u30af\u30a2\u30a6\u30c8\u306f\u53ef\u80fd\u3067\u3059\u304b\uff1f\",\n      \"acceptedAnswer\": {\n        \"@type\": \"Answer\",\n        \"text\": \"\u713c\u304d\u9ce5\u3084\u304a\u5f01\u5f53\u3001\u5404\u7a2e\u4e00\u54c1\u6599\u7406\u306e\u30c6\u30a4\u30af\u30a2\u30a6\u30c8\u306b\u5bfe\u5fdc\u3002\u304a\u96fb\u8a71\u4e88\u7d04\u304c\u30b9\u30e0\u30fc\u30ba\u3067\u3059\u3002\"\n      }\n    }\n  ]\n}\n<\/script>\n\n\n<script type=\"application\/ld+json\">\n{\n  \"@context\": \"https:\/\/schema.org\",\n  \"@type\": \"BreadcrumbList\",\n  \"itemListElement\": [\n    {\n      \"@type\": \"ListItem\",\n      \"position\": 1,\n      \"name\": \"\u30db\u30fc\u30e0\",\n      \"item\": \"https:\/\/yakitori-omoriya.com\/\"\n    },\n    {\n      \"@type\": \"ListItem\",\n      \"position\": 2,\n      \"name\": \"\u5e97\u8217\u4e00\u89a7\",\n      \"item\": \"https:\/\/yakitori-omoriya.com\/\u5e97\u8217\u4e00\u89a7\/\"\n    },\n    {\n      \"@type\": \"ListItem\",\n      \"position\": 3,\n      \"name\": \"\u65b0\u4e95\u85ac\u5e2b\u524d\u5e97\",\n      \"item\": \"https:\/\/yakitori-omoriya.com\/araiyakushi-izakaya\/\"\n    }\n  ]\n}\n<\/script>\n\n","protected":false},"excerpt":{"rendered":"<p>Un refuge pour adultes en face de la gare. L&rsquo;ar\u00f4me du feu de charbon de bois et des nouilles soba vous invite \u00e0 entrer. \u00c0 une minute de marche de la gare d&rsquo;Araiyakushi-mae. Apr\u00e8s avoir travers\u00e9 l&rsquo;agitation de la rue commer\u00e7ante, vous pouvez sentir l&rsquo;odeur du charbon de bois qui flotte dans l&rsquo;air. Une fois [&hellip;]<\/p>\n","protected":false},"author":1,"featured_media":0,"parent":0,"menu_order":0,"comment_status":"closed","ping_status":"closed","template":"","meta":{"_monsterinsights_skip_tracking":false,"_monsterinsights_sitenote_active":false,"_monsterinsights_sitenote_note":"","_monsterinsights_sitenote_category":0,"swell_btn_cv_data":"","footnotes":""},"class_list":["post-4425","page","type-page","status-publish","hentry"],"_links":{"self":[{"href":"https:\/\/yakitori-omoriya.com\/fr\/wp-json\/wp\/v2\/pages\/4425","targetHints":{"allow":["GET"]}}],"collection":[{"href":"https:\/\/yakitori-omoriya.com\/fr\/wp-json\/wp\/v2\/pages"}],"about":[{"href":"https:\/\/yakitori-omoriya.com\/fr\/wp-json\/wp\/v2\/types\/page"}],"author":[{"embeddable":true,"href":"https:\/\/yakitori-omoriya.com\/fr\/wp-json\/wp\/v2\/users\/1"}],"replies":[{"embeddable":true,"href":"https:\/\/yakitori-omoriya.com\/fr\/wp-json\/wp\/v2\/comments?post=4425"}],"version-history":[{"count":6,"href":"https:\/\/yakitori-omoriya.com\/fr\/wp-json\/wp\/v2\/pages\/4425\/revisions"}],"predecessor-version":[{"id":5688,"href":"https:\/\/yakitori-omoriya.com\/fr\/wp-json\/wp\/v2\/pages\/4425\/revisions\/5688"}],"wp:attachment":[{"href":"https:\/\/yakitori-omoriya.com\/fr\/wp-json\/wp\/v2\/media?parent=4425"}],"curies":[{"name":"wp","href":"https:\/\/api.w.org\/{rel}","templated":true}]}}