{"id":4382,"date":"2025-04-17T17:18:31","date_gmt":"2025-04-17T08:18:31","guid":{"rendered":"https:\/\/yakitori-omoriya.com\/izakaya-cerca-de-araiyakushi%ef%bd%9cyakitori-omoriya-araiyakushi-mae-pollo-a-la-brasa-y-fideos-soba\/"},"modified":"2025-04-24T14:28:29","modified_gmt":"2025-04-24T05:28:29","slug":"izakaya-cerca-de-araiyakushi%ef%bd%9cyakitori-omoriya-araiyakushi-mae-pollo-a-la-brasa-y-fideos-soba","status":"publish","type":"page","link":"https:\/\/yakitori-omoriya.com\/es\/izakaya-cerca-de-araiyakushi%ef%bd%9cyakitori-omoriya-araiyakushi-mae-pollo-a-la-brasa-y-fideos-soba\/","title":{"rendered":"Izakaya cerca de Araiyakushi\uff5cYakitori Omoriya Araiyakushi-mae [pollo a la brasa y fideos soba]."},"content":{"rendered":"\n<section>\n  <h2>Platos recomendados y restaurante<\/h2>\n  <div>\n  <>\n    <p>\n  El exquisito Yakitori-jyu es pollo a la brasa empapado en una salsa secreta y servido sobre arroz esponjoso. \n    <a href=\"https:\/\/yakitori-omoriya.com\/es\/menu-de-mediodia\/\" target=\"_blank\">Tambi\u00e9n es un plato muy popular en el men\u00fa de mediod\u00eda<\/a>.\n    <\/p>\n\n  <>\n    <p>El yakitori se asa sobre un fuego de carb\u00f3n hasta alcanzar una sabrosa perfecci\u00f3n, crujiente por fuera y jugoso por dentro. Cada pieza se asa cuidadosamente una a una.<\/p>\n\n  <>\n    <p>\n  El zaru soba, con su caracter\u00edstico sabor a harina de trigo sarraceno, es un acompa\u00f1amiento perfecto para el yakitori. \n     Es una de las combinaciones m\u00e1s populares del men\u00fa de comidas.\n    <\/p>\n\n  <>\n    <p>Reconfortante oyakodon con esponjoso huevo y pollo a la brasa. Uno de los platos favoritos a la hora de comer.<\/p>\n  <\/div>\n<\/section>\n\n<section>\n  <h2>Preguntas m\u00e1s frecuentes (FAQ)<\/h2>\n  <div style=\"margin-bottom: 1.5em;\">\n    <div style=\"margin-bottom: 1em; background:#f2f2f2; border-radius:12px; padding:1em;\">\n      <strong>P. \u00bfEst\u00e1n abiertos para comer?<\/strong> <> \n S\u00ed, abrimos para comer de 11:00 a 15:00.\n    <\/div>\n\n    <div style=\"margin-bottom: 1em; background:#f2f2f2; border-radius:12px; padding:1em;\">\n      <strong>P. \u00bfPuedo llevar a mi hijo?<\/strong> <> \n S\u00ed, se admiten cochecitos y hay asientos disponibles. Utilice el restaurante con tranquilidad.\n    <\/div>\n\n    <div style=\"background:#f2f2f2; border-radius:12px; padding:1em;\">\n      <strong>P. \u00bfPuedo pedir comida para llevar?<\/strong> <> \n S\u00ed, podemos ofrecer comida para llevar de pollo a la parrilla y almuerzos para llevar.\n    <\/div>\n  <\/div>\n<\/section>\n\n<section style=\"text-align:center; margin-top:2em;\">\n  <h2>Para reservas y acceso, pulse aqu\u00ed.<\/h2>\n  <p>\n  \u2705 Reserve en l\u00ednea aqu\u00ed<>\n \u2705 Ver ubicaci\u00f3n en Google Maps \ud83d\udc49 <a href=\"https:\/\/www.google.com\/maps\/place\/%E3%82%84%E3%81%8D%E3%81%A8%E3%82%8A%E5%A4%A7%E6%A3%AE%E5%B1%8B+%E6%96%B0%E4%BA%95%E8%96%AC%E5%B8%AB%E5%89%8D%E5%BA%97\" target=\"_blank\" style=\"color:crimson;\" rel=\"noopener\">Abrir mapa<><\/a>\n \u2705 Reserve por tel\u00e9fono: <a href=\"tel:0364540980\" style=\"color:crimson;\">03-6454-0980<\/a>\n  <\/p>\n<\/section>\n<script type=\"application\/ld+json\">\n{\n  \"@context\": \"https:\/\/schema.org\",\n  \"@type\": \"Article\",\n  \"headline\": \"\u65b0\u4e95\u85ac\u5e2b\u306e\u8fd1\u304f\u3067\u713c\u304d\u9ce5\u3068\u854e\u9ea6\u304c\u697d\u3057\u3081\u308b\u5c45\u9152\u5c4b\uff5c\u65b0\u4e95\u85ac\u5e2b\u524d\u3000\u5c45\u9152\u5c4b\uff5c\u713c\u304d\u9ce5\u3068\u6cb9\u305d\u3070\u3000\u5927\u68ee\u5c4b\u3000\u65b0\u4e95\u85ac\u5e2b\u524d\u5e97\",\n  \"description\": \"\u65b0\u4e95\u85ac\u5e2b\u524d\u99c5\u5f92\u6b691\u5206\u3001\u713c\u304d\u9ce5\u3068\u854e\u9ea6\u304c\u81ea\u6162\u306e\u5c45\u9152\u5c4b\u300e\u65b0\u4e95\u85ac\u5e2b\u524d\u3000\u5c45\u9152\u5c4b\uff5c\u713c\u304d\u9ce5\u3068\u6cb9\u305d\u3070\u3000\u5927\u68ee\u5c4b\u3000\u65b0\u4e95\u85ac\u5e2b\u524d\u5e97\u300f\u3002\u30e9\u30f3\u30c1\u30fb\u30c6\u30a4\u30af\u30a2\u30a6\u30c8\u30fb\u30d5\u30a1\u30df\u30ea\u30fc\u6b53\u8fce\u3002\",\n  \"image\": [\n    \"https:\/\/yakitori-omoriya.com\/wp-content\/uploads\/2025\/03\/IMG_0290.jpg\",\n    \"https:\/\/yakitori-omoriya.com\/wp-content\/uploads\/2025\/03\/640x640_rect_12649284.jpg\"\n  ],\n  \"author\": {\n    \"@type\": \"Organization\",\n    \"name\": \"\u65b0\u4e95\u85ac\u5e2b\u524d\u3000\u5c45\u9152\u5c4b\uff5c\u713c\u304d\u9ce5\u3068\u6cb9\u305d\u3070\u3000\u5927\u68ee\u5c4b\u3000\u65b0\u4e95\u85ac\u5e2b\u524d\u5e97\"\n  },\n  \"publisher\": {\n    \"@type\": \"Organization\",\n    \"name\": \"\u65b0\u4e95\u85ac\u5e2b\u524d\u3000\u5c45\u9152\u5c4b\uff5c\u713c\u304d\u9ce5\u3068\u6cb9\u305d\u3070\u3000\u5927\u68ee\u5c4b\u3000\u65b0\u4e95\u85ac\u5e2b\u524d\u5e97\",\n    \"logo\": {\n      \"@type\": \"ImageObject\",\n      \"url\": \"https:\/\/yakitori-omoriya.com\/wp-content\/uploads\/2024\/11\/d425372e44777256a167eeb3cdba3bf1-3.jpeg\"\n    }\n  },\n  \"mainEntityOfPage\": \"https:\/\/yakitori-omoriya.com\/araiyakushi-izakaya\/\"\n}\n<\/script>\n\n<script type=\"application\/ld+json\">\n{\n  \"@context\": \"https:\/\/schema.org\",\n  \"@type\": \"Offer\",\n  \"url\": \"https:\/\/yakitori-omoriya.com\/araiyakushi-izakaya\/\",\n  \"priceCurrency\": \"JPY\",\n  \"price\": \"900\",\n  \"itemOffered\": {\n    \"@type\": \"MenuItem\",\n    \"name\": \"\u713c\u304d\u9ce5\u91cd\u30e9\u30f3\u30c1\u30bb\u30c3\u30c8\",\n    \"description\": \"\u70ad\u706b\u713c\u304d\u9ce5\u3068\u3054\u98ef\u3001\u5473\u564c\u6c41\u3001\u6f2c\u7269\u304c\u3064\u3044\u305f\u304a\u5f97\u306a\u30e9\u30f3\u30c1\u5b9a\u98df\",\n    \"image\": \"https:\/\/yakitori-omoriya.com\/wp-content\/uploads\/2025\/03\/IMG_0290.jpg\"\n  },\n  \"availability\": \"https:\/\/schema.org\/InStock\",\n  \"validFrom\": \"2025-04-01\"\n}\n<\/script>\n\n<script type=\"application\/ld+json\">\n{\n  \"@context\": \"https:\/\/schema.org\",\n  \"@type\": \"FAQPage\",\n  \"mainEntity\": [\n    {\n      \"@type\": \"Question\",\n      \"name\": \"\u30e9\u30f3\u30c1\u55b6\u696d\u306f\u3042\u308a\u307e\u3059\u304b\uff1f\",\n      \"acceptedAnswer\": {\n        \"@type\": \"Answer\",\n        \"text\": \"\u306f\u3044\u300111:00\u301c15:00\u307e\u3067\u30e9\u30f3\u30c1\u55b6\u696d\u3092\u884c\u3063\u3066\u3044\u307e\u3059\u3002\"\n      }\n    },\n    {\n      \"@type\": \"Question\",\n      \"name\": \"\u5b50\u9023\u308c\u3067\u3082\u5229\u7528\u3067\u304d\u307e\u3059\u304b\uff1f\",\n      \"acceptedAnswer\": {\n        \"@type\": \"Answer\",\n        \"text\": \"\u306f\u3044\u3001\u30d9\u30d3\u30fc\u30ab\u30fcOK\u3067\u5ea7\u6577\u5e2d\u3082\u3054\u3056\u3044\u307e\u3059\u3002\u5b89\u5fc3\u3057\u3066\u3054\u5229\u7528\u304f\u3060\u3055\u3044\u3002\"\n      }\n    },\n    {\n      \"@type\": \"Question\",\n      \"name\": \"\u30c6\u30a4\u30af\u30a2\u30a6\u30c8\u306f\u53ef\u80fd\u3067\u3059\u304b\uff1f\",\n      \"acceptedAnswer\": {\n        \"@type\": \"Answer\",\n        \"text\": \"\u306f\u3044\u3001\u713c\u304d\u9ce5\u3084\u304a\u5f01\u5f53\u306e\u30c6\u30a4\u30af\u30a2\u30a6\u30c8\u306b\u5bfe\u5fdc\u3057\u3066\u3044\u307e\u3059\u3002\"\n      }\n    }\n  ]\n}\n<\/script>\n\n<script type=\"application\/ld+json\">\n{\n  \"@context\": \"https:\/\/schema.org\",\n  \"@type\": \"BreadcrumbList\",\n  \"itemListElement\": [\n    {\n      \"@type\": \"ListItem\",\n      \"position\": 1,\n      \"name\": \"\u30db\u30fc\u30e0\",\n      \"item\": \"https:\/\/yakitori-omoriya.com\/\"\n    },\n    {\n      \"@type\": \"ListItem\",\n      \"position\": 2,\n      \"name\": \"\u5e97\u8217\u4e00\u89a7\",\n      \"item\": \"https:\/\/yakitori-omoriya.com\/\u5e97\u8217\u4e00\u89a7\/\"\n    },\n    {\n      \"@type\": \"ListItem\",\n      \"position\": 3,\n      \"name\": \"\u65b0\u4e95\u85ac\u5e2b\u524d\u5e97\uff5c\u8fd1\u304f\u306e\u5c45\u9152\u5c4b\",\n      \"item\": \"https:\/\/yakitori-omoriya.com\/araiyakushi-izakaya\/\"\n    }\n  ]\n}\n<\/script>\n\n","protected":false},"excerpt":{"rendered":"<p>Platos recomendados y restaurante El exquisito Yakitori-jyu es pollo a la brasa empapado en una salsa secreta y servido sobre arroz esponjoso. Tambi\u00e9n es un plato muy popular en el men\u00fa de mediod\u00eda. El yakitori se asa sobre un fuego de carb\u00f3n hasta alcanzar una sabrosa perfecci\u00f3n, crujiente por fuera y jugoso por dentro. Cada [&hellip;]<\/p>\n","protected":false},"author":1,"featured_media":0,"parent":0,"menu_order":0,"comment_status":"closed","ping_status":"closed","template":"","meta":{"_monsterinsights_skip_tracking":false,"_monsterinsights_sitenote_active":false,"_monsterinsights_sitenote_note":"","_monsterinsights_sitenote_category":0,"swell_btn_cv_data":"","footnotes":""},"class_list":["post-4382","page","type-page","status-publish","hentry"],"_links":{"self":[{"href":"https:\/\/yakitori-omoriya.com\/es\/wp-json\/wp\/v2\/pages\/4382","targetHints":{"allow":["GET"]}}],"collection":[{"href":"https:\/\/yakitori-omoriya.com\/es\/wp-json\/wp\/v2\/pages"}],"about":[{"href":"https:\/\/yakitori-omoriya.com\/es\/wp-json\/wp\/v2\/types\/page"}],"author":[{"embeddable":true,"href":"https:\/\/yakitori-omoriya.com\/es\/wp-json\/wp\/v2\/users\/1"}],"replies":[{"embeddable":true,"href":"https:\/\/yakitori-omoriya.com\/es\/wp-json\/wp\/v2\/comments?post=4382"}],"version-history":[{"count":8,"href":"https:\/\/yakitori-omoriya.com\/es\/wp-json\/wp\/v2\/pages\/4382\/revisions"}],"predecessor-version":[{"id":5683,"href":"https:\/\/yakitori-omoriya.com\/es\/wp-json\/wp\/v2\/pages\/4382\/revisions\/5683"}],"wp:attachment":[{"href":"https:\/\/yakitori-omoriya.com\/es\/wp-json\/wp\/v2\/media?parent=4382"}],"curies":[{"name":"wp","href":"https:\/\/api.w.org\/{rel}","templated":true}]}}